{"id":1074,"date":"2024-09-25T12:24:14","date_gmt":"2024-09-25T15:24:14","guid":{"rendered":"https:\/\/www.marianoacciardi.com.ar\/?page_id=1074"},"modified":"2026-02-05T14:42:43","modified_gmt":"2026-02-05T17:42:43","slug":"gnu-linux-duplicado-74","status":"publish","type":"page","link":"https:\/\/www.marianoacciardi.com.ar\/?page_id=1074","title":{"rendered":"Viv\u00ed GNU Linux en comunidad y colaboraci\u00f3n, am\u00e1, disfrut\u00e1, compart\u00ed&#8230;"},"content":{"rendered":"\t\t<div data-elementor-type=\"wp-page\" data-elementor-id=\"1074\" class=\"elementor elementor-1074\">\n\t\t\t\t<div class=\"elementor-element elementor-element-39e140cb e-grid e-con-boxed e-con e-parent\" data-id=\"39e140cb\" data-element_type=\"container\">\n\t\t\t\t\t<div class=\"e-con-inner\">\n\t\t<div class=\"elementor-element elementor-element-e417ac6 e-con-full e-flex e-con e-child\" data-id=\"e417ac6\" data-element_type=\"container\">\n\t\t\t\t<div class=\"elementor-element elementor-element-b958367 elementor-widget elementor-widget-image\" data-id=\"b958367\" data-element_type=\"widget\" data-widget_type=\"image.default\">\n\t\t\t\t<div class=\"elementor-widget-container\">\n\t\t\t\t\t\t\t\t\t\t\t\t\t\t\t<img fetchpriority=\"high\" decoding=\"async\" width=\"266\" height=\"435\" src=\"https:\/\/www.marianoacciardi.com.ar\/wp-content\/uploads\/2024\/09\/linuxgnu.png\" class=\"attachment-large size-large wp-image-1075\" alt=\"\" srcset=\"https:\/\/www.marianoacciardi.com.ar\/wp-content\/uploads\/2024\/09\/linuxgnu.png 266w, https:\/\/www.marianoacciardi.com.ar\/wp-content\/uploads\/2024\/09\/linuxgnu-183x300.png 183w, https:\/\/www.marianoacciardi.com.ar\/wp-content\/uploads\/2024\/09\/linuxgnu-92x150.png 92w\" sizes=\"(max-width: 266px) 100vw, 266px\" \/>\t\t\t\t\t\t\t\t\t\t\t\t\t\t\t<\/div>\n\t\t\t\t<\/div>\n\t\t\t\t<\/div>\n\t\t\t\t<div class=\"elementor-element elementor-element-6fe3cc5 elementor-widget elementor-widget-text-editor\" data-id=\"6fe3cc5\" data-element_type=\"widget\" data-widget_type=\"text-editor.default\">\n\t\t\t\t<div class=\"elementor-widget-container\">\n\t\t\t\t\t\t\t\t\t<p><a href=\"https:\/\/www.marianoacciardi.com.ar\/textos_gnulinux\/bienvenidos.pdf\"><span style=\"font-family: Myriad-Roman; font-size: larger;\"><b>\u00a1Te invito a vivir \u00a0GNU\/LINUX, es simplemente maravilloso!<\/b><\/span><\/a><\/p>\n<p><span style=\"color: #333333; font-family: Myriad-Roman;\">Si quer\u00e9s hacer uso de la <span style=\"font-size: larger;\">libertad<\/span> que pod\u00e9s tener, Linux es el camino.<\/span><\/p>\n<p><span style=\"color: #333333; font-family: Myriad-Roman;\">Ser libre en el <span style=\"font-size: larger;\">mundo<\/span>, ser libre en la red, un sue\u00f1o al que te pod\u00e9s aproximar&#8230;<span style=\"font-size: larger;\">Prob\u00e1<\/span> Linux!<\/span><\/p>\n<p><span style=\"color: #333333; font-family: Myriad-Roman;\">Vivir GNU\/Linux es increible. <span style=\"font-size: larger;\">Aprend\u00e9<\/span> lo que es la red, conoc\u00e9 la <span style=\"font-size: larger;\">potencialidad<\/span> de ciberespacio y de una computadora, EN SERIO!!!<\/span><\/p>\n<p><span style=\"color: #333333; font-family: Myriad-Roman;\">Libertad de <span style=\"font-size: larger;\">elegir<\/span> es lo que te permite sumarte al mundo GNU\/Linux.<\/span><\/p>\t\t\t\t\t\t\t\t<\/div>\n\t\t\t\t<\/div>\n\t\t\t\t\t<\/div>\n\t\t\t\t<\/div>\n\t\t<div class=\"elementor-element elementor-element-b05319b e-grid e-con-full e-con e-parent\" data-id=\"b05319b\" data-element_type=\"container\">\n\t\t\t\t<div class=\"elementor-element elementor-element-59783fa elementor-widget elementor-widget-text-editor\" data-id=\"59783fa\" data-element_type=\"widget\" data-widget_type=\"text-editor.default\">\n\t\t\t\t<div class=\"elementor-widget-container\">\n\t\t\t\t\t\t\t\t\t<h3><span style=\"color: #333333;\"><strong>Desmistificate<\/strong><br \/><\/span><\/h3>\n<p><span style=\"color: #333333;\">Poco hace falta saber para imaginar las ventajas de un sistema operativo de verdad, sin embargo, v\u00edctima de ciertos mitos generalizados, se considera que migrar a Linux, OpenBSD, etc es muy dif\u00edcil. Si quer\u00e9s saber algunas de las aplicaciones que ten\u00e9s disponibles:<\/span><\/p>\n<p style=\"text-align: center;\"><span style=\"color: #333333;\"><a href=\"http:\/\/www.osalt.com\">http:\/\/www.osalt.com<\/a><\/span><\/p>\t\t\t\t\t\t\t\t<\/div>\n\t\t\t\t<\/div>\n\t\t\t\t<div class=\"elementor-element elementor-element-0d8ceb4 elementor-widget elementor-widget-text-editor\" data-id=\"0d8ceb4\" data-element_type=\"widget\" data-widget_type=\"text-editor.default\">\n\t\t\t\t<div class=\"elementor-widget-container\">\n\t\t\t\t\t\t\t\t\t<h3><strong>Algunas ayuditas<\/strong><\/h3><p><a href=\"https:\/\/www.marianoacciardi.com.ar\/textos_gnulinux\/quesswl.pdf\" target=\"_blank\" rel=\"noopener\"><b> \u2013 \u00bfQu\u00e9 es el Sofware Libre? (Por Mar\u00eda Elena Casa\u00f1as)<\/b><\/a><br \/><a href=\"https:\/\/www.marianoacciardi.com.ar\/textos_gnulinux\/bienvenidos.pdf\" target=\"_blank\" rel=\"noopener\">\u00a0<\/a><a href=\"https:\/\/www.marianoacciardi.com.ar\/textos_gnulinux\/bienvenidos.pdf\" target=\"_blank\" rel=\"noopener\"><b>\u2013 Bienvenidos al mundo!! \u00bfQu\u00e9 es GNU\/Linux? (texto)<\/b><\/a><b> <\/b><a href=\"https:\/\/www.marianoacciardi.com.ar\/textos_gnulinux\/bienvenidosppt.pdf\" target=\"_blank\" rel=\"noopener\"><b>(ppt)<\/b><\/a><br \/><a href=\"https:\/\/www.marianoacciardi.com.ar\/textos_gnulinux\/linuxendesktop.pdf\" target=\"_blank\" rel=\"noopener\"><b>\u2013 Linux en Desktop y su \u00a0entorno gr\u00e1fico<\/b><\/a><br \/><a href=\"https:\/\/www.marianoacciardi.com.ar\/textos_gnulinux\/PrimerosPasos.pdf\" target=\"_blank\" rel=\"noopener\"><b>\u2013 Primeros Pasos con GNU\/LINUX<\/b><\/a><br \/><a href=\"https:\/\/www.marianoacciardi.com.ar\/textos_gnulinux\/grubrecover.pdf\" target=\"_blank\" rel=\"noopener\"><b>\u2013 Recover de GRUB con el instalador de Debian<\/b><\/a><br \/><a href=\"https:\/\/www.marianoacciardi.com.ar:\/textos_gnulinux\/linuxvoipasteriskbal.pdf\" target=\"_blank\" rel=\"noopener\"><b> \u2013 Asterisk, Voip y redes libres(texto)<\/b><\/a><a href=\"https:\/\/www.marianoacciardi.com.ar:\/textos_gnulinux\/linuxvoipasteriskbalppt.pdf\" target=\"_blank\" rel=\"noopener\"><b>(ppt)<\/b><\/a><br \/><a href=\"https:\/\/www.marianoacciardi.com.ar:\/textos_gnulinux\/PrimerosPasosConAsteriskOnDebian.pdf\" target=\"_blank\" rel=\"noopener\"><b>\u2013 Primeros Pasos con Asterisk y Sipura (texto)<\/b><\/a><a href=\"https:\/\/www.marianoacciardi.com.ar:\/textos_gnulinux\/PrimerosPasosConAsteriskOnDebian_ppt.pdf\" target=\"_blank\" rel=\"noopener\"><b>\u00a0(ppt)<\/b><\/a><br \/><a href=\"https:\/\/www.marianoacciardi.com.ar\/textos_gnulinux\/vpnssh.pdf\" target=\"_blank\" rel=\"noopener\"><b> \u2013 Instructivo VPN por SSH<\/b><\/a><br \/><a href=\"https:\/\/www.marianoacciardi.com.ar\/?page_id=974\"><b> \u2013 Instructivo para manejo seguro de repositorios debian y comparativo de manejadores de paquetes<\/b><\/a><br \/><a href=\"https:\/\/www.marianoacciardi.com.ar\/?page_id=1022\"><b> \u2013 Customizando nuestro bash desde los archivos de profile<\/b><\/a> <b> <\/b><br \/><a href=\"https:\/\/www.marianoacciardi.com.ar\/?page_id=1038\"><b>\u2013 Como migrar una m\u00e1quina virtual de VirtualBox a qemu en debian<\/b><\/a><br \/><a href=\"https:\/\/www.marianoacciardi.com.ar\/?page_id=1128\"><b>\u2013 \u00bfQu\u00e9 es el directorio \/dev y qu\u00e9 tengo que saber en la instalaci\u00f3n?<\/b><\/a><br \/><a href=\"https:\/\/www.marianoacciardi.com.ar\/?page_id=1153\"><b>\u2013 Comentarios sobre los FS BTRFS, F2FS y EXT4<\/b><\/a><br \/><a href=\"https:\/\/www.marianoacciardi.com.ar\/?page_id=1332\">&#8211; Caso de estudio BTRFS: Uso de instant\u00e1neas para generar branchs de testing<\/a><\/p>\t\t\t\t\t\t\t\t<\/div>\n\t\t\t\t<\/div>\n\t\t\t\t<\/div>\n\t\t<div class=\"elementor-element elementor-element-62bdbbd e-grid e-con-boxed e-con e-parent\" data-id=\"62bdbbd\" data-element_type=\"container\">\n\t\t\t\t\t<div class=\"e-con-inner\">\n\t\t\t\t<div class=\"elementor-element elementor-element-33b5a10 elementor-widget elementor-widget-text-editor\" data-id=\"33b5a10\" data-element_type=\"widget\" data-widget_type=\"text-editor.default\">\n\t\t\t\t<div class=\"elementor-widget-container\">\n\t\t\t\t\t\t\t\t\t<h3 style=\"text-align: center;\"><span style=\"color: #333333;\">Antes<\/span><\/h3>\n<p>\u2013 \u00a1 Huy se colg\u00f3 !<br \/>\u2013 \u00a1Huy la voy a tener que reiniciar!<br \/>\u2013 \u00a1Donde habr\u00e9 puesto el serial!<br \/>\u2013 \u00bfEstar\u00e1 el crack en astalavista?<br \/>\u2013 Maldita, se colg\u00f3 de nuevo<br \/>\u2013 Tengo que actualizar el antivirus<br \/>\u2013 \u00a1Huy, se me venci\u00f3 el antivirus!<br \/>\u2013 Otra vez, cada vez que abro esta aplicaci\u00f3n se cuelga<br \/>\u2013 Tengo que escanear la m\u00e1quina<br \/>\u2013 Voy a pasarle el ADAWARE porque est\u00e1 muy lenta<br \/>\u2013 Ya pasaron 3 meses de la \u00faltima reinstalaci\u00f3n y ya est\u00e1 re lenta de nuevo, Voy a tener que reinstalar todo de 0<\/p>\t\t\t\t\t\t\t\t<\/div>\n\t\t\t\t<\/div>\n\t\t\t\t<div class=\"elementor-element elementor-element-3cd83f0 elementor-widget elementor-widget-text-editor\" data-id=\"3cd83f0\" data-element_type=\"widget\" data-widget_type=\"text-editor.default\">\n\t\t\t\t<div class=\"elementor-widget-container\">\n\t\t\t\t\t\t\t\t\t<h3 style=\"text-align: center;\"><span style=\"color: #333333;\">Despu\u00e9s<\/span><\/h3>\n<p>\u2013 Que maravilla, acabo de ver que hace 14 meses que tengo la m\u00e1quina andando, Se reinici\u00f3 solo cuando se cort\u00f3 la luz.<br \/>\u2013 Hace 7 a\u00f1os que instal\u00e9 LINUX y todav\u00eda funciona como el primer d\u00eda, es m\u00e1s desde el \u00faltimo upgrade de kernel funciona todav\u00eda mejor.<br \/>\u2013 \u00bfAh \u00a0si?, \u00bfsalio un nuevo virus?, no me digas, pobres los de windows,\u2026 siempre corriendo atr\u00e1s de los virus con miedo a infectarse\u2026 Y bueh, ellos eligieron\u2026.<br \/>\u2013 Tengo que editar un documento, \u00bfQu\u00e9 uso hoy? AbiWord, LibreOffice, OpenOffice, StarOffice, KOffice\u2026.<br \/>\u2013 Tengo que instalar una nueva aplicacion: aptitude install \u2026\u2026.\u00bfY el crack o el serial? No lo necesito todo lo que tengo instalado es legal.<br \/>\u2013 Qu\u00e9 feliz que soy con mi server, es \u00e1gil, puedo hacer lo que quiera de la manera que quiera, s\u00e9 exactamente que es lo que pasa y si no, tengo logs de todo.<br \/>\u2013 Cuando trabajo en m\u00e1quinas remotas nunca no me doy cuenta si estoy en la remota o en la local\u2026.<\/p>\t\t\t\t\t\t\t\t<\/div>\n\t\t\t\t<\/div>\n\t\t\t\t\t<\/div>\n\t\t\t\t<\/div>\n\t\t\t\t<\/div>\n\t\t","protected":false},"excerpt":{"rendered":"<p>\u00a1Te invito a vivir \u00a0GNU\/LINUX, es simplemente maravilloso! Si quer\u00e9s hacer uso de la libertad que pod\u00e9s tener, Linux es el camino. Ser libre en el mundo, ser libre en la red, un sue\u00f1o al que te pod\u00e9s aproximar&#8230;Prob\u00e1 Linux! Vivir GNU\/Linux es increible. Aprend\u00e9 lo que es la red,\u2026<\/p>\n<p> <a class=\"continue-reading-link\" href=\"https:\/\/www.marianoacciardi.com.ar\/?page_id=1074\"><span>Continue reading<\/span><i class=\"crycon-right-dir\"><\/i><\/a> <\/p>\n","protected":false},"author":1,"featured_media":0,"parent":0,"menu_order":0,"comment_status":"closed","ping_status":"closed","template":"","meta":{"_eb_attr":"","footnotes":""},"class_list":["post-1074","page","type-page","status-publish","hentry"],"aioseo_notices":[],"_links":{"self":[{"href":"https:\/\/www.marianoacciardi.com.ar\/index.php?rest_route=\/wp\/v2\/pages\/1074","targetHints":{"allow":["GET"]}}],"collection":[{"href":"https:\/\/www.marianoacciardi.com.ar\/index.php?rest_route=\/wp\/v2\/pages"}],"about":[{"href":"https:\/\/www.marianoacciardi.com.ar\/index.php?rest_route=\/wp\/v2\/types\/page"}],"author":[{"embeddable":true,"href":"https:\/\/www.marianoacciardi.com.ar\/index.php?rest_route=\/wp\/v2\/users\/1"}],"replies":[{"embeddable":true,"href":"https:\/\/www.marianoacciardi.com.ar\/index.php?rest_route=%2Fwp%2Fv2%2Fcomments&post=1074"}],"version-history":[{"count":12,"href":"https:\/\/www.marianoacciardi.com.ar\/index.php?rest_route=\/wp\/v2\/pages\/1074\/revisions"}],"predecessor-version":[{"id":1347,"href":"https:\/\/www.marianoacciardi.com.ar\/index.php?rest_route=\/wp\/v2\/pages\/1074\/revisions\/1347"}],"wp:attachment":[{"href":"https:\/\/www.marianoacciardi.com.ar\/index.php?rest_route=%2Fwp%2Fv2%2Fmedia&parent=1074"}],"curies":[{"name":"wp","href":"https:\/\/api.w.org\/{rel}","templated":true}]}}