{"id":174,"date":"2018-04-02T01:52:39","date_gmt":"2018-04-02T04:52:39","guid":{"rendered":"http:\/\/www.marianoacciardi.com.ar\/wp\/?page_id=174"},"modified":"2019-01-28T00:55:54","modified_gmt":"2019-01-28T03:55:54","slug":"lugares","status":"publish","type":"page","link":"https:\/\/www.marianoacciardi.com.ar\/?page_id=174","title":{"rendered":"Lugares"},"content":{"rendered":"<p>Pocas cosas han sido m\u00e1s maravillosas en mi vida que conocer culturas, lugares, vidas lejanas. En esta secci\u00f3n quisiera transmitir simplemente algo de ese disfrute, de ese deseo por conocer remotos mundos, encontrar el placer de lo otro, lo distinto a nosotros, lo distinto a la comodidad que nos rodea, abrir la cabeza, crecer espiritualmente, disfrutar y compartir&#8230;<\/p>\n<p><a href=\"https:\/\/www.marianoacciardi.com.ar\/\/?page_id=171\"><img decoding=\"async\" class=\"wp-image-175 size-thumbnail alignleft\" src=\"https:\/\/www.marianoacciardi.com.ar\/\/wp-content\/uploads\/2018\/04\/p1290086-150x150.jpg\" alt=\"Fizt Roy\" width=\"150\" height=\"150\" \/><\/a><\/p>\n<p>Mi lugar en el mundo!!<\/p>\n<p>&nbsp;<\/p>\n<p>&nbsp;<\/p>\n<p>Los Esteros&#8230;., nuestra Mesopotamia&#8230;, maravillosa reserva mundial de agua. \u00bfEn manos de qui\u00e9n estar\u00e1?<\/p>\n<p><a href=\"https:\/\/www.marianoacciardi.com.ar\/\/?page_id=203\"><img decoding=\"async\" class=\"size-thumbnail wp-image-176 alignleft\" src=\"https:\/\/www.marianoacciardi.com.ar\/\/wp-content\/uploads\/2018\/04\/IMG_2030-150x150.jpg\" alt=\"Esteros Ibera\" width=\"150\" height=\"150\" \/><\/a><\/p>\n<p>&nbsp;<\/p>\n<p>&nbsp;<\/p>\n<p>Donde el agua&#8230;.<a href=\"https:\/\/www.marianoacciardi.com.ar\/\/?page_id=551\"><img decoding=\"async\" class=\"wp-image-181 size-thumbnail alignnone\" src=\"https:\/\/www.marianoacciardi.com.ar\/\/wp-content\/uploads\/2018\/04\/IMG_2100-150x150.jpg\" alt=\"Iguazu\" width=\"150\" height=\"150\" \/><\/a><\/p>\n<p>Caribe adictivo&#8230;.<\/p>\n<p><img loading=\"lazy\" decoding=\"async\" class=\"alignnone size-thumbnail wp-image-178\" src=\"https:\/\/www.marianoacciardi.com.ar\/\/wp-content\/uploads\/2018\/04\/isla-aguja-san-blas-600x450-150x150.jpg\" alt=\"\" width=\"150\" height=\"150\" \/> Maravilloso San Blas, Panam\u00e1&#8230;<\/p>\n<p>Nuestro querido Norte, tierra de cultura, gastronom\u00eda, historia de sufrimiento y p\u00e9rdida&#8230; Nuestra tierra, nuestra gente, nuestro podr\u00eda haber sido de otro modo.<\/p>\n<p>.<img loading=\"lazy\" decoding=\"async\" class=\"alignnone size-thumbnail wp-image-179\" src=\"https:\/\/www.marianoacciardi.com.ar\/\/wp-content\/uploads\/2018\/04\/img_4115-150x150.jpg\" alt=\"Rio de las Vueltas\" width=\"150\" height=\"150\" \/> R\u00edo de las Vueltas<\/p>\n<p>Fiambala, desierto por encima del oro, peligro sulfuroso mayor que el San Jorge. <img loading=\"lazy\" decoding=\"async\" class=\"alignnone size-thumbnail wp-image-180\" src=\"https:\/\/www.marianoacciardi.com.ar\/\/wp-content\/uploads\/2018\/04\/img_4151-150x150.jpg\" alt=\"CaminoFiambala\" width=\"150\" height=\"150\" \/><\/p>\n<p>Norte maravilloso, Jujuy, a pesar de sus actuales gobiernos, Cultura, gastronom\u00eda sin igual, pobreza econ\u00f3mica, riqueza natural y paisaj\u00edstica, tierra de Milagros, luchas y resistencia, paisajes increibles, su gente maravillosa&#8230; Salta, Tucum\u00e1n, que ricas empanadas por favor!!!. Cuanto contacto con lo que \u00e9ramos antes de ser colonia. Pueblos originarios con complej\u00edsimas culturas y tradiciones, despreciadas y aniquiladas por el Viejo Mundo.<\/p>\n<p>El Sur, sufrimiento de gentes en campa\u00f1as como las del desierto y algunas otras m\u00e1s contempor\u00e1neas. Qu\u00e9 maravillosos paisajes, esa ruta por la costa pasando por Vald\u00e9s, Madryn, Rawson, San Antonio Este y Oeste, Camarones<img loading=\"lazy\" decoding=\"async\" class=\"alignnone size-thumbnail wp-image-566\" src=\"https:\/\/www.marianoacciardi.com.ar\/\/wp-content\/uploads\/2019\/01\/20160305_173812-150x150.jpg\" alt=\"\" width=\"150\" height=\"150\" \/> que bello!!!, Bah\u00eda Bustamante, Puerto San Juli\u00e1n: historia de guerras y fracasos, Caleta, R\u00edo Gallegos y cu\u00e1ntas mas, costa atl\u00e1ntica de acantilados, piedras y petr\u00f3leo&#8230;.<\/p>\n<p>El Viejo mundo, fuente de Cultura, historia de colonias, revueltas burguesas&#8230;<\/p>\n<p>Par\u00eds <a href=\"https:\/\/www.marianoacciardi.com.ar\/\/?page_id=343\"><img loading=\"lazy\" decoding=\"async\" class=\"alignnone size-thumbnail wp-image-342\" src=\"https:\/\/www.marianoacciardi.com.ar\/\/wp-content\/uploads\/2018\/04\/img_2416-150x150.jpg\" alt=\"\" width=\"150\" height=\"150\" \/><\/a>un sue\u00f1o, un milenio&#8230;<\/p>\n<p>Italia, Senise, Potenza, la tierra maravillosa en que mis ancestros han disfrutado del mar, la monta\u00f1a, sus pimientos y comidas maravillosas, as\u00ed como tambi\u00e9n sufrido el horror de la guerra que los alej\u00f3 de tan incre\u00edble tierra&#8230;.Su parte m\u00e1s rica Mil\u00e1n, Firenze, la segunda ciudad en mi ranking del mundo, Roma con sus tierras de donde Occidente emerge en cualquier pozo o zanja, Venecia y su mar turquesa, Asisi en donde los pies no pueden creer estar pisando la tierra por la que camin\u00f3 San Francisco, Siena con su belleza ocre y sus plazas. La costa amalfitana en donde la belleza de los c\u00edtricos se confunde con la del paisaje, Napoles, tierra tan parecida a nosotros&#8230;.<\/p>\n<p>Grecia, Atenas, sus islas, su gente de amabilidad extrema, sus exquisiteces que pueden deleitarse en cualquier puesto de la calle o casa del interior de una isla tan maravillosa como Naxos, con su gente infinitamente increible, amable, generosa y maravillosa. Solo contrasta la miseria en la que la ha sumido la t\u00e9trica \u00abayuda\u00bb del FMI. Islas enteras vendidas por nada a los grandes capitales.<\/p>\n<p>Londres, lugar maravilloso de sentimientos encontrados, alguna vez la he odiado, alguna vez la he amado. La calidez de su gente, el disfrute de sus bares y su jolgorio del alcohol, drogas y risas que comienza a las 17 y qui\u00e9n sabe cu\u00e1ndo termina,<\/p>\n<p>Alemania y su Munich absolutamente tranquila , bella, prolija, limpia, extremadamente ordenada y en paz, pero en cuyas profundidades se respira a\u00fan el terrible hedor del Holocausto&#8230;<\/p>\n<p>Holanda, tierra de belleza y lucha contra la mism\u00edsima naturaleza, el calor de su gente, la belleza de sus fincas&#8230;<\/p>\n<p>Escocia, bella, y m\u00e1s bella Edimburgo, gentes maravillosas, parques calles, calidez por doquier, buena onda y belleza, mucha belleza, una de las tres ciudades que m\u00e1s me ha impactado en mi vida y disfrutado como nunca<\/p>\n<p>Dinamarca, hermosa Copenhague y a\u00fan m\u00e1s su gente, sus heladeros \ud83d\ude42 calles, aguas, canales, belleza, maravillosos\u00a0 canales con sus edificaciones suntuosas y bares top, contrastando con esa orilla hippona en donde un vac\u00edo legal crea excepcionales condiciones para el disfrute y el amor&#8230;<\/p>\n<p>Suecia, Malmo, ciudad incre\u00edble en la que sin embargo nunca encontramos a Saha, esas playas, ese puente \u00abBron Broen\u00bb en donde la vida parece estar aparte. Su gente, respetuosa en extremo, sus canales con interminables remeros en todas sus direcciones, parques, restaurantes, prolijidad extrema y orden supremo la hacen tan particular&#8230;.<\/p>\n<p>Islandia, incre\u00edble mundo en donde la tierra ardiente posibilita la vida, y un r\u00e9gimen resistente al capital gestiona admirablemente sus extensas frialdades&#8230;<\/p>\n<p>&nbsp;<\/p>\n","protected":false},"excerpt":{"rendered":"<p>Pocas cosas han sido m\u00e1s maravillosas en mi vida que conocer culturas, lugares, vidas lejanas. En esta secci\u00f3n quisiera transmitir simplemente algo de ese disfrute, de ese deseo por conocer remotos mundos, encontrar el placer de lo otro, lo distinto a nosotros, lo distinto a la comodidad que nos rodea,\u2026<\/p>\n<p> <a class=\"continue-reading-link\" href=\"https:\/\/www.marianoacciardi.com.ar\/?page_id=174\"><span>Continue reading<\/span><i class=\"crycon-right-dir\"><\/i><\/a> <\/p>\n","protected":false},"author":1,"featured_media":0,"parent":0,"menu_order":0,"comment_status":"closed","ping_status":"closed","template":"","meta":{"_eb_attr":"","footnotes":""},"class_list":["post-174","page","type-page","status-publish","hentry"],"aioseo_notices":[],"_links":{"self":[{"href":"https:\/\/www.marianoacciardi.com.ar\/index.php?rest_route=\/wp\/v2\/pages\/174","targetHints":{"allow":["GET"]}}],"collection":[{"href":"https:\/\/www.marianoacciardi.com.ar\/index.php?rest_route=\/wp\/v2\/pages"}],"about":[{"href":"https:\/\/www.marianoacciardi.com.ar\/index.php?rest_route=\/wp\/v2\/types\/page"}],"author":[{"embeddable":true,"href":"https:\/\/www.marianoacciardi.com.ar\/index.php?rest_route=\/wp\/v2\/users\/1"}],"replies":[{"embeddable":true,"href":"https:\/\/www.marianoacciardi.com.ar\/index.php?rest_route=%2Fwp%2Fv2%2Fcomments&post=174"}],"version-history":[{"count":0,"href":"https:\/\/www.marianoacciardi.com.ar\/index.php?rest_route=\/wp\/v2\/pages\/174\/revisions"}],"wp:attachment":[{"href":"https:\/\/www.marianoacciardi.com.ar\/index.php?rest_route=%2Fwp%2Fv2%2Fmedia&parent=174"}],"curies":[{"name":"wp","href":"https:\/\/api.w.org\/{rel}","templated":true}]}}