{"id":203,"date":"2019-01-02T19:25:29","date_gmt":"2019-01-02T22:25:29","guid":{"rendered":"http:\/\/www.marianoacciardi.com.ar\/wp\/?page_id=203"},"modified":"2019-01-02T19:58:31","modified_gmt":"2019-01-02T22:58:31","slug":"esteros-del-ibera","status":"publish","type":"page","link":"https:\/\/www.marianoacciardi.com.ar\/?page_id=203","title":{"rendered":"Esteros del Ibera"},"content":{"rendered":"<p>Agua clara e inmensa&#8230;.<a href=\"https:\/\/www.marianoacciardi.com.ar\/\/?page_id=507\"><img decoding=\"async\" class=\"size-thumbnail wp-image-482 aligncenter\" src=\"https:\/\/www.marianoacciardi.com.ar\/\/wp-content\/uploads\/2019\/01\/IMG_2024-150x150.jpg\" alt=\"\" width=\"150\" height=\"150\" \/><\/a>Espejo maravilloso en el cual reflejar la infinita peque\u00f1ez de nuestras existencias. Colonia Pelegrini, peque\u00f1o pueblo, incre\u00edble en medio de tan vasta extensi\u00f3n h\u00eddrica&#8230;<br \/>\n<a href=\"https:\/\/www.marianoacciardi.com.ar\/\/?page_id=507\"><img decoding=\"async\" class=\"size-thumbnail wp-image-490 alignright\" src=\"https:\/\/www.marianoacciardi.com.ar\/\/wp-content\/uploads\/2019\/01\/IMG_2033-150x150.jpg\" alt=\"\" width=\"150\" height=\"150\" \/><\/a><br \/>\n\u00bfQu\u00e9 hacer all\u00ed? Admirar la Naturaleza y sus maravillas&#8230; Avistar yacar\u00e9s, aves por doquier y peque\u00f1os simp\u00e1ticos monos en un bosque chiquitito y encantador&#8230; Caminar, ba\u00f1arse es ese maravilloso reservorio a cuyas tentaciones uno sucumbe a pesar de las palometas que eventualmente resisten las cercan\u00edas del bullicio de seres all\u00ed sumergidos&#8230; Leer, conocer otras gentes, enriquecerse, disfrutar de la vida.<\/p>\n<p>Revisar y entender nuestra historia, nuestra facilidad para entregar lo nuestro, ya que son escas\u00edsimos los rincones por los cuales nuestro pueblo puede disfrutar y vivir los m\u00e1rgenes de tan delicioso espejo, ya que en su mayor\u00eda se encuentran ya en manos extranjeras y cercados, sin posibilidad de acceso sino en excepciones&#8230;Entender lo que el mundo ya ha entendido de la importancia del agua, aunque sea vast\u00edsima para la supervivencia y el futuro de nuestra tierra.<\/p>\n","protected":false},"excerpt":{"rendered":"<p>Agua clara e inmensa&#8230;.Espejo maravilloso en el cual reflejar la infinita peque\u00f1ez de nuestras existencias. Colonia Pelegrini, peque\u00f1o pueblo, incre\u00edble en medio de tan vasta extensi\u00f3n h\u00eddrica&#8230; \u00bfQu\u00e9 hacer all\u00ed? Admirar la Naturaleza y sus maravillas&#8230; Avistar yacar\u00e9s, aves por doquier y peque\u00f1os simp\u00e1ticos monos en un bosque chiquitito y\u2026<\/p>\n<p> <a class=\"continue-reading-link\" href=\"https:\/\/www.marianoacciardi.com.ar\/?page_id=203\"><span>Continue reading<\/span><i class=\"crycon-right-dir\"><\/i><\/a> <\/p>\n","protected":false},"author":1,"featured_media":0,"parent":0,"menu_order":0,"comment_status":"closed","ping_status":"closed","template":"","meta":{"_eb_attr":"","footnotes":""},"class_list":["post-203","page","type-page","status-publish","hentry"],"aioseo_notices":[],"_links":{"self":[{"href":"https:\/\/www.marianoacciardi.com.ar\/index.php?rest_route=\/wp\/v2\/pages\/203","targetHints":{"allow":["GET"]}}],"collection":[{"href":"https:\/\/www.marianoacciardi.com.ar\/index.php?rest_route=\/wp\/v2\/pages"}],"about":[{"href":"https:\/\/www.marianoacciardi.com.ar\/index.php?rest_route=\/wp\/v2\/types\/page"}],"author":[{"embeddable":true,"href":"https:\/\/www.marianoacciardi.com.ar\/index.php?rest_route=\/wp\/v2\/users\/1"}],"replies":[{"embeddable":true,"href":"https:\/\/www.marianoacciardi.com.ar\/index.php?rest_route=%2Fwp%2Fv2%2Fcomments&post=203"}],"version-history":[{"count":0,"href":"https:\/\/www.marianoacciardi.com.ar\/index.php?rest_route=\/wp\/v2\/pages\/203\/revisions"}],"wp:attachment":[{"href":"https:\/\/www.marianoacciardi.com.ar\/index.php?rest_route=%2Fwp%2Fv2%2Fmedia&parent=203"}],"curies":[{"name":"wp","href":"https:\/\/api.w.org\/{rel}","templated":true}]}}