{"id":551,"date":"2019-01-02T20:19:11","date_gmt":"2019-01-02T23:19:11","guid":{"rendered":"http:\/\/www.marianoacciardi.com.ar\/wp\/?page_id=551"},"modified":"2019-01-02T20:24:28","modified_gmt":"2019-01-02T23:24:28","slug":"cataratas","status":"publish","type":"page","link":"https:\/\/www.marianoacciardi.com.ar\/?page_id=551","title":{"rendered":"Cataratas"},"content":{"rendered":"<p>Como decir&#8230; Inimaginables vol\u00famenes de agua cayendo en la inmensidad de la nada, una de las incre\u00edbles maravillas del mundo muy cerca&#8230; Su preparaci\u00f3n para el turismo molesta un poco, pero eso no impide <a href=\"https:\/\/www.marianoacciardi.com.ar\/\/?page_id=549\"><img decoding=\"async\" class=\"size-thumbnail wp-image-548 aligncenter\" src=\"https:\/\/www.marianoacciardi.com.ar\/\/wp-content\/uploads\/2019\/01\/IMG_2114-150x150.jpg\" alt=\"\" width=\"150\" height=\"150\" \/><\/a>admirar la espectacularidad de la \u00abGarganta del Diablo\u00bb en donde las aguas de un ancho r\u00edo inexplicablemente caen desde siempre&#8230; \u00bfPara siempre? Eso depender\u00e1 del otro norte, de aquellas represas que en nuestro pa\u00eds hermano mayor detienen gran parte de su caudal. M\u00e1s all\u00e1 del horrible trencito con cassette de pajaritos, un destino imperdible&#8230;..<\/p>\n<p>&nbsp;<\/p>\n","protected":false},"excerpt":{"rendered":"<p>Como decir&#8230; Inimaginables vol\u00famenes de agua cayendo en la inmensidad de la nada, una de las incre\u00edbles maravillas del mundo muy cerca&#8230; Su preparaci\u00f3n para el turismo molesta un poco, pero eso no impide admirar la espectacularidad de la \u00abGarganta del Diablo\u00bb en donde las aguas de un ancho r\u00edo\u2026<\/p>\n<p> <a class=\"continue-reading-link\" href=\"https:\/\/www.marianoacciardi.com.ar\/?page_id=551\"><span>Continue reading<\/span><i class=\"crycon-right-dir\"><\/i><\/a> <\/p>\n","protected":false},"author":1,"featured_media":0,"parent":0,"menu_order":0,"comment_status":"closed","ping_status":"closed","template":"","meta":{"_eb_attr":"","footnotes":""},"class_list":["post-551","page","type-page","status-publish","hentry"],"aioseo_notices":[],"_links":{"self":[{"href":"https:\/\/www.marianoacciardi.com.ar\/index.php?rest_route=\/wp\/v2\/pages\/551","targetHints":{"allow":["GET"]}}],"collection":[{"href":"https:\/\/www.marianoacciardi.com.ar\/index.php?rest_route=\/wp\/v2\/pages"}],"about":[{"href":"https:\/\/www.marianoacciardi.com.ar\/index.php?rest_route=\/wp\/v2\/types\/page"}],"author":[{"embeddable":true,"href":"https:\/\/www.marianoacciardi.com.ar\/index.php?rest_route=\/wp\/v2\/users\/1"}],"replies":[{"embeddable":true,"href":"https:\/\/www.marianoacciardi.com.ar\/index.php?rest_route=%2Fwp%2Fv2%2Fcomments&post=551"}],"version-history":[{"count":0,"href":"https:\/\/www.marianoacciardi.com.ar\/index.php?rest_route=\/wp\/v2\/pages\/551\/revisions"}],"wp:attachment":[{"href":"https:\/\/www.marianoacciardi.com.ar\/index.php?rest_route=%2Fwp%2Fv2%2Fmedia&parent=551"}],"curies":[{"name":"wp","href":"https:\/\/api.w.org\/{rel}","templated":true}]}}