{"id":68,"date":"2017-04-02T14:30:40","date_gmt":"2017-04-02T17:30:40","guid":{"rendered":"http:\/\/www.marianoacciardi.com.ar\/wp\/?page_id=68"},"modified":"2025-01-13T23:52:59","modified_gmt":"2025-01-14T02:52:59","slug":"inteligencia-artificial","status":"publish","type":"page","link":"https:\/\/www.marianoacciardi.com.ar\/?page_id=68","title":{"rendered":"Inteligencia Artificial"},"content":{"rendered":"<div class=\"wp-block-image\">\n<figure class=\"alignleft\"><img fetchpriority=\"high\" decoding=\"async\" width=\"266\" height=\"435\" src=\"https:\/\/www.marianoacciardi.com.ar\/\/wp-content\/uploads\/2018\/03\/ia.gif\" alt=\"\" class=\"wp-image-149\"\/><\/figure><\/div>\n\n\n<p><span style=\"color: #000000; font-family: Myriad-Roman;\"><\/span><\/p>\n\n\n\n<p><a href=\"https:\/\/www.psi.uba.ar\/premio\/2023\/acciardi.pdf\" title=\"\">Co-evoluci\u00f3n de las inteligencias humanas y no humanas (2023)<\/a><\/p>\n\n\n\n<p>Despu\u00e9s de varios a\u00f1os sin abordar p\u00fablicamente este t\u00f3pico y a pesar de la frustraci\u00f3n de no haber obtenido respaldo para dar continuidad a iniciativas que emprend\u00ed en 2007, las cuales, quiz\u00e1s en aquel entonces, resultaban demasiado innovadoras para nuestro pa\u00eds. A pesar de la reciente ridiculizaci\u00f3n en medios hegem\u00f3nicos y redes de algunas de las ideas que expongo en este texto, encuentro gratificaci\u00f3n en ser reconocido este a\u00f1o con el \u00abPremio Facultad de Psicolog\u00eda\u00bb. La evaluaci\u00f3n an\u00f3nima y ciega respecto de los autores ha sido realizada por 15 jurados externos a nuestra Facultad, provenientes de prestigiosas universidades nacionales e internacionales, as\u00ed como del Conicet y otros organismos.<\/p>\n\n\n\n<div class=\"flex flex-grow flex-col max-w-full\">\n<div class=\"min-h-[20px] text-message flex flex-col items-start gap-3 whitespace-pre-wrap break-words [.text-message+&amp;]:mt-5 overflow-x-auto\" data-message-author-role=\"assistant\" data-message-id=\"7e2558c9-9223-4706-814c-c756abb3e5dc\">\n<div class=\"markdown prose w-full break-words dark:prose-invert light\">\n<p>En el a\u00f1o en que la inteligencia artificial se ha vuelto \u00abmoda\u00bb gracias al marketing de ChatGPT, me aventuro a abordar nuevamente el tema. Mi enfoque no se alinea completamente con el optimismo tecnol\u00f3gico promovido por magnates fil\u00e1ntropos, pero tampoco cae en un pesimismo melanc\u00f3lico. En este escrito, busco examinar cr\u00edticamente algunas cuestiones que no siempre son destacadas en la difusi\u00f3n a trav\u00e9s de redes y medios. Mi objetivo es dilucidar algunos aspectos sobre nuestra relaci\u00f3n cotidiana e irreversible con la tecnolog\u00eda y las inteligencias no humanas, explorando dimensiones a menudo intencionalmente invisibilizadas. Una versi\u00f3n reducida de este trabajo fue publicado en en n\u00famero 50\/2024 de la revista <a href=\"http:\/\/intersecciones.psi.uba.ar\/index.php?option=com_content&amp;view=article&amp;id=965:dificultades-del-paradigma-organicista-romantico-para-comprender-la-relacion-imbricada-entre-inteligencias-humanas-y-no-humanas&amp;catid=11:alumnos&amp;Itemid=1\" target=\"_blank\" rel=\"noopener\">Intersecciones Psi.<\/a><\/p>\n<\/div>\n<\/div>\n<\/div>\n\n\n\n<p><span style=\"color: #000000; font-family: Myriad-Roman;\"><a href=\"https:\/\/www.marianoacciardi.com.ar\/textos_ia\/BN2_Texto_y_Abstract.pdf\" target=\"_blank\" rel=\"noopener\">Construcci\u00f3n de una red bayesiana aplicada al diagn\u00f3stico psicopatol\u00f3gico (2010)<\/a> &nbsp;&nbsp;&nbsp;&nbsp;&nbsp;&nbsp;&nbsp;<a href=\"https:\/\/www.marianoacciardi.com.ar\/textos_ia\/BN2_ppt.pdf\" target=\"_blank\" rel=\"noopener\">(Filminas auxiliares)<\/a><\/span><\/p>\n\n\n\n<p><span style=\"color: #333333; font-family: Myriad-Roman;\">Introducci\u00f3n a los conceptos fundamentales previos a la construcci\u00f3n de este modelo y &nbsp;pasos elementales a seguir en el armado de la red. (Presentado y publicado en el II Congreso Internacional de Investigaci\u00f3n y Pr\u00e1ctica Profesional &nbsp;de la facultad de psicolog\u00ed\u00ada UBA). <\/span><\/p>\n\n\n\n<p><span style=\"color: #000000; font-family: Myriad-Roman;\"><a href=\"https:\/\/www.marianoacciardi.com.ar\/textos_ia\/BN1.pdf\" target=\"_blank\" rel=\"noopener\">Elementos b\u00e1sicos para el armado de una red bayesiana concebida como herramienta en el &nbsp;campo del diagn\u00f3stico psicopatol\u00f3gico I (2008) <\/a><\/span><\/p>\n\n\n\n<p><span style=\"color: #333333; font-family: Myriad-Roman;\">El escrito discute algunos de los elementos b\u00e1sicos para concebir el armado de una BN a ser utilizada como herramienta auxiliar en el diagn\u00f3stico (Presentado y aprobado para el IV encuentro de investigadores del Mercosur, Agosto 2008)<\/span><\/p>\n\n\n\n<p><span style=\"color: #000000; font-family: Myriad-Roman;\"><a href=\"https:\/\/www.marianoacciardi.com.ar\/textos_ia\/IADiagnostico.pdf\" target=\"_blank\" rel=\"noopener\">Fundamentaci\u00f3n epistemol\u00f3gica de la aplicaci\u00f3n de modelos de IA en el campo del diagn\u00f3stico psicopatol\u00f3gico (2007)<\/a> <\/span><\/p>\n\n\n\n<p><span style=\"color: #333333; font-family: Myriad-Roman;\">Acerca de una fundamentaci\u00f3n epistemol\u00f3gica de la modelizaci\u00f3n de los problemas diagn\u00f3sticos en t\u00e9rminos de un Sistema Complejo, basado en el modelo de Redes Bayesianas.<\/span><\/p>\n","protected":false},"excerpt":{"rendered":"<p>Co-evoluci\u00f3n de las inteligencias humanas y no humanas (2023) Despu\u00e9s de varios a\u00f1os sin abordar p\u00fablicamente este t\u00f3pico y a pesar de la frustraci\u00f3n de no haber obtenido respaldo para dar continuidad a iniciativas que emprend\u00ed en 2007, las cuales, quiz\u00e1s en aquel entonces, resultaban demasiado innovadoras para nuestro pa\u00eds.\u2026<\/p>\n<p> <a class=\"continue-reading-link\" href=\"https:\/\/www.marianoacciardi.com.ar\/?page_id=68\"><span>Continue reading<\/span><i class=\"crycon-right-dir\"><\/i><\/a> <\/p>\n","protected":false},"author":1,"featured_media":0,"parent":0,"menu_order":0,"comment_status":"closed","ping_status":"closed","template":"","meta":{"_eb_attr":"","footnotes":""},"class_list":["post-68","page","type-page","status-publish","hentry"],"aioseo_notices":[],"_links":{"self":[{"href":"https:\/\/www.marianoacciardi.com.ar\/index.php?rest_route=\/wp\/v2\/pages\/68","targetHints":{"allow":["GET"]}}],"collection":[{"href":"https:\/\/www.marianoacciardi.com.ar\/index.php?rest_route=\/wp\/v2\/pages"}],"about":[{"href":"https:\/\/www.marianoacciardi.com.ar\/index.php?rest_route=\/wp\/v2\/types\/page"}],"author":[{"embeddable":true,"href":"https:\/\/www.marianoacciardi.com.ar\/index.php?rest_route=\/wp\/v2\/users\/1"}],"replies":[{"embeddable":true,"href":"https:\/\/www.marianoacciardi.com.ar\/index.php?rest_route=%2Fwp%2Fv2%2Fcomments&post=68"}],"version-history":[{"count":3,"href":"https:\/\/www.marianoacciardi.com.ar\/index.php?rest_route=\/wp\/v2\/pages\/68\/revisions"}],"predecessor-version":[{"id":1203,"href":"https:\/\/www.marianoacciardi.com.ar\/index.php?rest_route=\/wp\/v2\/pages\/68\/revisions\/1203"}],"wp:attachment":[{"href":"https:\/\/www.marianoacciardi.com.ar\/index.php?rest_route=%2Fwp%2Fv2%2Fmedia&parent=68"}],"curies":[{"name":"wp","href":"https:\/\/api.w.org\/{rel}","templated":true}]}}