{"id":74,"date":"2017-04-02T16:29:19","date_gmt":"2017-04-02T19:29:19","guid":{"rendered":"http:\/\/www.marianoacciardi.com.ar\/wp\/?page_id=74"},"modified":"2024-09-18T13:37:07","modified_gmt":"2024-09-18T16:37:07","slug":"gnu-linux","status":"publish","type":"page","link":"https:\/\/www.marianoacciardi.com.ar\/?page_id=74","title":{"rendered":"GNU Linux"},"content":{"rendered":"<div class=\"wp-block-image\">\n<figure class=\"alignleft\"><a href=\"https:\/\/www.marianoacciardi.com.ar\/textos_gnulinux\/bienvenidos.pdf\"><img fetchpriority=\"high\" decoding=\"async\" width=\"266\" height=\"435\" src=\"https:\/\/www.marianoacciardi.com.ar\/\/wp-content\/uploads\/2018\/03\/linuxgnu.png\" alt=\"\" class=\"wp-image-102\" srcset=\"https:\/\/www.marianoacciardi.com.ar\/wp-content\/uploads\/2018\/03\/linuxgnu.png 266w, https:\/\/www.marianoacciardi.com.ar\/wp-content\/uploads\/2018\/03\/linuxgnu-183x300.png 183w, https:\/\/www.marianoacciardi.com.ar\/wp-content\/uploads\/2018\/03\/linuxgnu-92x150.png 92w\" sizes=\"(max-width: 266px) 100vw, 266px\" \/><\/a><\/figure><\/div>\n\n\n<p><a href=\"https:\/\/www.marianoacciardi.com.ar\/textos_gnulinux\/bienvenidos.pdf\"><span style=\"color: #6e6e6e; font-family: Myriad-Roman; font-size: larger;\"><b>\u00a1Te invito a vivir &nbsp;GNU\/LINUX, es simplemente maravilloso!<\/b><\/span><\/a><\/p>\n\n\n\n<p><span style=\"color: #000000; font-family: Myriad-Roman;\">Si quer\u00e9s hacer uso de la <span style=\"font-size: larger;\">libertad<\/span> que pod\u00e9s tener, Linux es el camino<\/span><\/p>\n\n\n\n<p><span style=\"color: #000000; font-family: Myriad-Roman;\">Ser libre en el <span style=\"font-size: larger;\">mundo<\/span>, ser libre en la red, un sue\u00f1o al que te pod\u00e9s aproximar&#8230;<span style=\"font-size: larger;\">Prob\u00e1<\/span> Linux!<\/span><\/p>\n\n\n\n<p><span style=\"color: #000000; font-family: Myriad-Roman;\">Vivir GNU\/Linux es increible. <span style=\"font-size: larger;\">Aprend\u00e9<\/span> lo que es la red, conoc\u00e9 la <span style=\"font-size: larger;\">potencialidad<\/span> de ciberespacio y de una computadora, EN SERIO!!!<\/span><\/p>\n\n\n\n<p><span style=\"color: #000000; font-family: Myriad-Roman;\">Libertad de <span style=\"font-size: larger;\">elegir<\/span> es lo que te permite sumarte al mundo GNU\/Linux.<\/span><\/p>\n\n\n\n<p><span style=\"color: #6e6e6e; font-family: Myriad-Roman; font-size: larger;\"><b>De qu\u00e9 te vas a olvidar cuando te sumes:<\/b><\/span><\/p>\n\n\n\n<p><span style=\"color: #000000; font-family: Myriad-Roman;\">&#8211; \u00a1 Huy se colg\u00f3 !<br \/>&#8211; \u00a1Huy la voy a tener que reiniciar!<br \/>&#8211; \u00a1Donde habr\u00e9 puesto el serial!<br \/>&#8211; \u00bfEstar\u00e1 el crack en astalavista?<br \/>&#8211; Maldita, se colg\u00f3 de nuevo<br \/>&#8211; Tengo que actualizar el antivirus<br \/>&#8211; \u00a1Huy, se me venci\u00f3 el antivirus!<br \/>&#8211; Otra vez, cada vez que abro esta aplicaci\u00f3n se cuelga<br \/>&#8211; Tengo que escanear la m\u00e1quina<br \/>&#8211; Voy a pasarle el ADAWARE porque est\u00e1 muy lenta<br \/>&#8211; Ya pasaron 3 meses de la \u00faltima reinstalaci\u00f3n y ya est\u00e1 re lenta de nuevo, Voy a tener que reinstalar todo de 0<\/span><\/p>\n\n\n\n<p><span style=\"color: #6e6e6e; font-family: Myriad-Roman; font-size: larger;\"><b>Como va a ser tu vida luego<\/b><\/span><\/p>\n\n\n\n<p><span style=\"color: #000000; font-family: Myriad-Roman;\">&#8211; Que maravilla, acabo de ver que hace 14 meses que tengo la m\u00e1quina andando, Se reinici\u00f3 solo cuando se cort\u00f3 la luz.<br \/>&#8211; Hace 7 a\u00f1os que instal\u00e9 LINUX y todav\u00eda funciona como el primer d\u00eda, es m\u00e1s desde el \u00faltimo upgrade de kernel funciona todav\u00eda mejor.<br \/>&#8211; \u00bfAh &nbsp;si?, \u00bfsalio un nuevo virus?, no me digas, pobres los de windows,&#8230; siempre corriendo atr\u00e1s de los virus con miedo a infectarse&#8230; Y bueh, ellos eligieron&#8230;.<br \/>&#8211; Tengo que editar un documento, \u00bfQu\u00e9 uso hoy? AbiWord, LibreOffice, OpenOffice, StarOffice, KOffice&#8230;.<br \/>&#8211; Tengo que instalar una nueva aplicacion: aptitude install &#8230;&#8230;.\u00bfY el crack o el serial? No lo necesito todo lo que tengo instalado es legal.<br \/><\/span><\/p>\n\n\n\n<p><span style=\"color: #000000; font-family: Myriad-Roman;\">&#8211; Qu\u00e9 feliz que soy con mi server, es \u00e1gil, puedo hacer lo que quiera de la manera que quiera, s\u00e9 exactamente que es lo que pasa y si no, tengo logs de todo.<br \/>&#8211; Cuando trabajo en m\u00e1quinas remotas nunca no me doy cuenta si estoy en la remota o en la local&#8230;.<\/span><\/p>\n\n\n\n<p><span style=\"color: #6e6e6e; font-family: Myriad-Roman; font-size: larger;\"><b>Textos introductorios e instructivos:<\/b><\/span><\/p>\n\n\n\n<p><span style=\"color: #000000; font-family: Myriad-Roman;\"><a href=\"https:\/\/www.marianoacciardi.com.ar\/textos_gnulinux\/quesswl.pdf\" target=\"_blank\" rel=\"noopener\"><b> &#8211; \u00bfQu\u00e9 es el Sofware Libre? (Por Mar\u00eda Elena Casa\u00f1as)<\/b><\/a><br \/><a href=\"https:\/\/www.marianoacciardi.com.ar\/textos_gnulinux\/bienvenidos.pdf\" target=\"_blank\" rel=\"noopener\">&nbsp;<\/a><a href=\"https:\/\/www.marianoacciardi.com.ar\/textos_gnulinux\/bienvenidos.pdf\" target=\"_blank\" rel=\"noopener\"><b>&#8211; Bienvenidos al mundo!! \u00bfQu\u00e9 es GNU\/Linux? (texto)<\/b><\/a><b> <\/b><a href=\"https:\/\/www.marianoacciardi.com.ar\/textos_gnulinux\/bienvenidosppt.pdf\" target=\"_blank\" rel=\"noopener\"><b>(ppt)<\/b><\/a><br \/><a href=\"https:\/\/www.marianoacciardi.com.ar\/textos_gnulinux\/linuxendesktop.pdf\" target=\"_blank\" rel=\"noopener\"><b>&#8211; Linux &nbsp;en Desktop y su &nbsp;entorno gr\u00e1fico<\/b><\/a><br \/><a href=\"https:\/\/www.marianoacciardi.com.ar\/textos_gnulinux\/PrimerosPasos.pdf\" target=\"_blank\" rel=\"noopener\"><b>&#8211; Primeros Pasos con GNU\/LINUX<\/b><\/a><br \/><a href=\"https:\/\/www.marianoacciardi.com.ar\/textos_gnulinux\/grubrecover.pdf\" target=\"_blank\" rel=\"noopener\"><b>&#8211; Recover de GRUB con el instalador de Debian<\/b><\/a><br \/><a href=\"https:\/\/www.marianoacciardi.com.ar:\/textos_gnulinux\/linuxvoipasteriskbal.pdf\" target=\"_blank\" rel=\"noopener\"><b>&#8211; Asterisk, Voip y redes libres(texto)<\/b><\/a><b> &nbsp;&nbsp;<\/b><a href=\"https:\/\/www.marianoacciardi.com.ar:\/textos_gnulinux\/linuxvoipasteriskbalppt.pdf\" target=\"_blank\" rel=\"noopener\"><b>(ppt)<\/b><\/a><br \/><a href=\"https:\/\/www.marianoacciardi.com.ar:\/textos_gnulinux\/PrimerosPasosConAsteriskOnDebian.pdf\" target=\"_blank\" rel=\"noopener\"><b>&#8211; Primeros Pasos con Asterisk y Sipura (texto)<\/b><\/a><b> &nbsp;<\/b><a href=\"https:\/\/www.marianoacciardi.com.ar:\/textos_gnulinux\/PrimerosPasosConAsteriskOnDebian_ppt.pdf\" target=\"_blank\" rel=\"noopener\"><b>&nbsp;(ppt)<\/b><\/a><br \/><a href=\"https:\/\/www.marianoacciardi.com.ar\/textos_gnulinux\/vpnssh.pdf\" target=\"_blank\" rel=\"noopener\"><b>-Instructivo VPN por SSH<\/b><\/a><b><\/b><\/span><\/p>\n\n\n\n<blockquote class=\"wp-block-quote has-text-align-left is-layout-flow wp-block-quote-is-layout-flow\">\n<p class=\"has-text-align-left\"><span style=\"color: #000000; font-family: Myriad-Roman;\"><a href=\"https:\/\/www.marianoacciardi.com.ar\/?page_id=974\"><b>-Instructivo para manejo seguro de repositorios debian y comparativo de manejadores de paquetes<\/b><\/a><\/span><\/p>\n\n\n\n<p class=\"has-text-align-left\">&#8211;<a href=\"https:\/\/www.marianoacciardi.com.ar\/?page_id=1022\" title=\"Customizando nuestro entorno bash\">Customizando nuestro bash desde los archivos de profile<\/a><\/p>\n\n\n\n<h2 class=\"wp-block-heading\"><a href=\"https:\/\/www.marianoacciardi.com.ar\/?page_id=1038\" title=\"\">-Como migrar una m\u00e1quina virtual de VirtualBox a qemu en debian<\/a><\/h2>\n<\/blockquote>\n\n\n\n<h2 class=\"wp-block-heading\"><span style=\"color: #6e6e6e; font-family: Myriad-Roman; font-size: larger;\"><b>Desmistificate:<\/b><\/span><\/h2>\n\n\n\n<p><span style=\"color: #000000; font-family: Myriad-Roman;\">Poco hace falta saber para imaginar las ventajas de un sistema operativo de verdad, sin embargo, v\u00edctima de ciertos mitos generalizados, se considera que migrar a Linux, OpenBSD, etc es muy dif\u00edcil. <\/span><\/p>\n\n\n\n<p><span style=\"color: #6e6e6e; font-family: Myriad-Roman;\">Si quer\u00e9s saber algunas de las aplicaciones que ten\u00e9s disponibles:<\/span><\/p>\n\n\n\n<p><span style=\"color: #000000; font-family: Myriad-Roman;\"><a href=\"http:\/\/www.osalt.com\/\" target=\"_blank\" rel=\"noopener\">http:\/\/www.osalt.com<\/a><\/span><\/p>\n","protected":false},"excerpt":{"rendered":"<p>\u00a1Te invito a vivir &nbsp;GNU\/LINUX, es simplemente maravilloso! Si quer\u00e9s hacer uso de la libertad que pod\u00e9s tener, Linux es el camino Ser libre en el mundo, ser libre en la red, un sue\u00f1o al que te pod\u00e9s aproximar&#8230;Prob\u00e1 Linux! Vivir GNU\/Linux es increible. Aprend\u00e9 lo que es la red,\u2026<\/p>\n<p> <a class=\"continue-reading-link\" href=\"https:\/\/www.marianoacciardi.com.ar\/?page_id=74\"><span>Continue reading<\/span><i class=\"crycon-right-dir\"><\/i><\/a> <\/p>\n","protected":false},"author":1,"featured_media":0,"parent":0,"menu_order":0,"comment_status":"closed","ping_status":"closed","template":"","meta":{"_eb_attr":"","footnotes":""},"class_list":["post-74","page","type-page","status-publish","hentry"],"aioseo_notices":[],"_links":{"self":[{"href":"https:\/\/www.marianoacciardi.com.ar\/index.php?rest_route=\/wp\/v2\/pages\/74","targetHints":{"allow":["GET"]}}],"collection":[{"href":"https:\/\/www.marianoacciardi.com.ar\/index.php?rest_route=\/wp\/v2\/pages"}],"about":[{"href":"https:\/\/www.marianoacciardi.com.ar\/index.php?rest_route=\/wp\/v2\/types\/page"}],"author":[{"embeddable":true,"href":"https:\/\/www.marianoacciardi.com.ar\/index.php?rest_route=\/wp\/v2\/users\/1"}],"replies":[{"embeddable":true,"href":"https:\/\/www.marianoacciardi.com.ar\/index.php?rest_route=%2Fwp%2Fv2%2Fcomments&post=74"}],"version-history":[{"count":1,"href":"https:\/\/www.marianoacciardi.com.ar\/index.php?rest_route=\/wp\/v2\/pages\/74\/revisions"}],"predecessor-version":[{"id":1298,"href":"https:\/\/www.marianoacciardi.com.ar\/index.php?rest_route=\/wp\/v2\/pages\/74\/revisions\/1298"}],"wp:attachment":[{"href":"https:\/\/www.marianoacciardi.com.ar\/index.php?rest_route=%2Fwp%2Fv2%2Fmedia&parent=74"}],"curies":[{"name":"wp","href":"https:\/\/api.w.org\/{rel}","templated":true}]}}